{"id":1334,"date":"2018-09-25T09:00:25","date_gmt":"2018-09-25T12:00:25","guid":{"rendered":"https:\/\/wanderlust.com.ar\/about\/"},"modified":"2020-12-04T17:13:07","modified_gmt":"2020-12-04T20:13:07","slug":"quienes-somos","status":"publish","type":"page","link":"https:\/\/wanderlust.com.ar\/es\/quienes-somos\/","title":{"rendered":"Qui\u00e9nes Somos"},"content":{"rendered":"<p>[vc_row full_width=\u00bbstretch_row\u00bb content_placement=\u00bbmiddle\u00bb css_animation=\u00bbnone\u00bb content_text_aligment=\u00bbcenter\u00bb css=\u00bb.vc_custom_1539185649243{margin-top: 0px !important;margin-bottom: 0px !important;padding-top: 0px !important;background-color: #23201e !important;}\u00bb][vc_column width=\u00bb1\/4&#8243; css=\u00bb.vc_custom_1537911951901{margin-top: 0px !important;padding-top: 0px !important;}\u00bb][\/vc_column][vc_column css_animation=\u00bbfadeInUp\u00bb width=\u00bb1\/2&#8243; css=\u00bb.vc_custom_1539185706565{margin-top: 0px !important;padding-top: 0px !important;}\u00bb][vc_empty_space height=\u00bb65px\u00bb css=\u00bb.vc_custom_1539005203172{margin-top: 0px !important;padding-top: 0px !important;}\u00bb]<div class=\"qodef-section-title-holder titulo qodef-st-standard qodef-st-title-left qodef-st-normal-space qodef-st-disable-title-break \" style=\"text-align: center\">\n\t<div class=\"qodef-st-inner\">\n\t\t\t\t\t<h2 class=\"qodef-st-title\" style=\"color: #ffa000\">\n\t\t\t\tWanderlust Expediciones\t\t\t<\/h2>\n\t\t\t\t\t\t\t<h5 class=\"qodef-st-text\" style=\"color: #8c8169;font-size: 21px;line-height: 30px\">\n\t\t\t\tEn Wanderlust Expediciones tenemos pasi\u00f3n por los viajes; somos creadores de viajes y experiencias. Pero el viajar no lo entendemos simplemente como una lista de lugares y sus principales atractivos sino como tomarnos el tiempo de descubrir y disfrutar; compartir experiencias y llegar a lugares escondidos.\nNuestros viajes tienen el lujo de contar con los mejores hoteles y estancias de Argentina, el servicio de gu\u00edas profesionales y apasionados por su trabajo y las experiencias m\u00e1s creativas en todo el pa\u00eds.\nEste es el objetivo de nuestra empresa: Hacer de cada viaje una experiencia inolvidable. Nuestros viajes ofrecen lo Nuevo, lo \u00fanico, los destinos inexplorados; aquello que no se encuentra en los cat\u00e1logos.\t\t\t<\/h5>\n\t\t\t<\/div>\n<\/div>[vc_empty_space height=\u00bb5px\u00bb][\/vc_column][vc_column width=\u00bb1\/4&#8243; css=\u00bb.vc_custom_1539004003280{margin-top: 0px !important;padding-top: 0px !important;}\u00bb][\/vc_column][\/vc_row][vc_row css_animation=\u00bbnone\u00bb css=\u00bb.vc_custom_1557196175528{margin-top: 0px !important;padding-top: 0px !important;padding-bottom: 60px !important;background-color: #23201e !important;}\u00bb][vc_column width=\u00bb1\/6&#8243;][\/vc_column][vc_column css_animation=\u00bbfadeIn\u00bb width=\u00bb1\/6&#8243;]<div class=\"qodef-iwt clearfix  qodef-iwt-icon-top qodef-iwt-icon-medium\">\n\t<div class=\"qodef-iwt-icon\">\n\t\t\t\t\t\t\t\t\t    <span class=\"qodef-icon-shortcode qodef-normal   qodef-icon-medium\"  data-hover-color=\"#ffffff\" data-color=\"#ffa000\">\n                    <span aria-hidden=\"true\" class=\"qodef-icon-linear-icons lnr lnr-heart qodef-icon-element\" style=\"color: #ffa000\" ><\/span>            <\/span>\n\t\t\t\t\t\t<\/div>\n\t<div class=\"qodef-iwt-content\" >\n\t\t\t\t\t<h4 class=\"qodef-iwt-title\" style=\"color: #ffffff\">\n\t\t\t\t\t\t\t\t<span class=\"qodef-iwt-title-text\">Viajes a Medida<\/span>\n\t\t\t\t\t\t\t<\/h4>\n\t\t\t\t\t\t\t<p class=\"qodef-iwt-text\" style=\"color: #8c8169\">As\u00ed como no hay dos personas iguales, tampoco hay dos viajes iguales. Creamos viajes en forma personalizada. Compartinos tus ideas y las transformamos en un viaje inolvidable.<\/p>\n\t\t\t<\/div>\n<\/div>[\/vc_column][vc_column css_animation=\u00bbfadeIn\u00bb width=\u00bb1\/6&#8243;]<div class=\"qodef-iwt clearfix  qodef-iwt-icon-top qodef-iwt-icon-medium\">\n\t<div class=\"qodef-iwt-icon\">\n\t\t\t\t\t\t\t\t\t    <span class=\"qodef-icon-shortcode qodef-normal   qodef-icon-medium\"  data-hover-color=\"#ffffff\" data-color=\"#ffa000\">\n                    <span aria-hidden=\"true\" class=\"qodef-icon-linear-icons lnr lnr-smile qodef-icon-element\" style=\"color: #ffa000\" ><\/span>            <\/span>\n\t\t\t\t\t\t<\/div>\n\t<div class=\"qodef-iwt-content\" >\n\t\t\t\t\t<h4 class=\"qodef-iwt-title\" style=\"color: #ffffff\">\n\t\t\t\t\t\t\t\t<span class=\"qodef-iwt-title-text\">Viajes sin Sobresaltos<\/span>\n\t\t\t\t\t\t\t<\/h4>\n\t\t\t\t\t\t\t<p class=\"qodef-iwt-text\" style=\"color: #8c8169\">Nuestro equipo est\u00e1 comprometido a lograr que su viaje sea una experiencia \u00fanica, contando con nuestros consejos y respaldo desde el inicio hasta el fin de su viaje.<\/p>\n\t\t\t<\/div>\n<\/div>[\/vc_column][vc_column css_animation=\u00bbfadeIn\u00bb width=\u00bb1\/6&#8243;]<div class=\"qodef-iwt clearfix  qodef-iwt-icon-top qodef-iwt-icon-medium\">\n\t<div class=\"qodef-iwt-icon\">\n\t\t\t\t\t\t\t\t\t    <span class=\"qodef-icon-shortcode qodef-normal   qodef-icon-medium\"  data-hover-color=\"#ffffff\" data-color=\"#ffa000\">\n                    <span aria-hidden=\"true\" class=\"qodef-icon-linear-icons lnr lnr-lock qodef-icon-element\" style=\"color: #ffa000\" ><\/span>            <\/span>\n\t\t\t\t\t\t<\/div>\n\t<div class=\"qodef-iwt-content\" >\n\t\t\t\t\t<h4 class=\"qodef-iwt-title\" style=\"color: #ffffff\">\n\t\t\t\t\t\t\t\t<span class=\"qodef-iwt-title-text\">Viajes Seguros<\/span>\n\t\t\t\t\t\t\t<\/h4>\n\t\t\t\t\t\t\t<p class=\"qodef-iwt-text\" style=\"color: #8c8169\">Tenemos un gran equipo de gu\u00edas, agentes locales, transportistas, hoteles y estancias con quienes trabajamos para garantizar un viaje seguro.<\/p>\n\t\t\t<\/div>\n<\/div>[\/vc_column][vc_column css_animation=\u00bbfadeIn\u00bb width=\u00bb1\/6&#8243;]<div class=\"qodef-iwt clearfix  qodef-iwt-icon-top qodef-iwt-icon-medium\">\n\t<div class=\"qodef-iwt-icon\">\n\t\t\t\t\t\t\t\t\t    <span class=\"qodef-icon-shortcode qodef-normal   qodef-icon-medium\"  data-hover-color=\"#ffffff\" data-color=\"#ffa000\">\n                    <span aria-hidden=\"true\" class=\"qodef-icon-linear-icons lnr lnr-earth qodef-icon-element\" style=\"color: #ffa000\" ><\/span>            <\/span>\n\t\t\t\t\t\t<\/div>\n\t<div class=\"qodef-iwt-content\" >\n\t\t\t\t\t<h4 class=\"qodef-iwt-title\" style=\"color: #ffffff\">\n\t\t\t\t\t\t\t\t<span class=\"qodef-iwt-title-text\">Viajes Responsables<\/span>\n\t\t\t\t\t\t\t<\/h4>\n\t\t\t\t\t\t\t<p class=\"qodef-iwt-text\" style=\"color: #8c8169\">Trabajamos en conjunto con aquellos que respetan el medio ambiente as\u00ed como la cultura local.<\/p>\n\t\t\t<\/div>\n<\/div>[vc_empty_space height=\u00bb20px\u00bb][\/vc_column][vc_column width=\u00bb1\/6&#8243;][\/vc_column][\/vc_row][vc_row css=\u00bb.vc_custom_1539006096396{background-color: #f5f5f5 !important;}\u00bb][vc_column width=\u00bb1\/6&#8243;][\/vc_column][vc_column width=\u00bb2\/3&#8243; css=\u00bb.vc_custom_1539864196928{padding-right: 60px !important;padding-left: 60px !important;}\u00bb el_id=\u00bblista\u00bb][vc_column_text css=\u00bb.vc_custom_1603975927016{padding-top: 20px !important;padding-bottom: 25px !important;}\u00bb]<\/p>\n<h2 class=\"subtitulo\" style=\"text-align: center;\">Creadores de Viajes<\/h2>\n<p>[\/vc_column_text][vc_column_text]Un viaje en Argentina es siempre una instancia de descubrimiento pues que nuestro pa\u00eds ofrece lugares y experiencias incre\u00edbles.<\/p>\n<p>Desde una visita a las Cataratas del Iguaz\u00fa a los Esteros del Iber\u00e1 y su magn\u00edfica fauna y cultura locales, a las tierras altas de la Puna, con maravillosos trekkings. Exploraciones de salares y volcanes del Norte a un exquisito Malbec en Mendoza.\u00a0En la Patagonia remota recorriendo lugares tales como el Lago Buenos Aires, la Cueva de las Manos, hasta la hist\u00f3rica ruta 3 que conecta lugares visitados entre otros por Hernando de Magallanes, Sir Francis Drake, Darwin y Fitz Roy.\u00a0O Ushuaia como un centro de multiaventuras tanto en verano como en invierno e ideal para toda la familia.<\/p>\n<p>En Wanderlust Expediciones ofrecemos viajes a la Argentina en los cuales proponemos explorar -sin corridas- sus rincones, tener la posibilidad de imbuirse de la cultura local, relajarse y dejarse sorprender con la experiencia.<\/p>\n<p>Cualquiera sea la fecha de viaje, los intereses, edades, modalidad de viaje en familia o grupos, estilos, en Wanderlust Expediciones podemos ofrecer el gu\u00eda especializado, el hotel ideal, el recorrido buscado y o la experiencia que est\u00e1n buscando.[\/vc_column_text][vc_empty_space height=\u00bb60px\u00bb][vc_column_text css=\u00bb.vc_custom_1603974846071{padding-top: 10px !important;padding-bottom: 25px !important;}\u00bb]<\/p>\n<h2 class=\"subtitulo\" style=\"text-align: center;\">Por Qu\u00e9 Elegir Wanderlust Expediciones?<\/h2>\n<p>[\/vc_column_text][vc_column_text]<\/p>\n<ul>\n<li>Somos un equipo de profesionales \u2013 y entusiastas viajeros &#8211; con amplio conocimiento de \u00a0cada uno de los destinos que operamos lo que nos permite crear itinerarios \u00fanicos y compartir nuestra experiencia y mejor consejo con clientes y viajeros.<\/li>\n<li>Amamos a la Argentina \u2013 de modo que siempre estamos buscando nuevas alternativas, visitas, propuestas de alojamientos, lugares y experiencias.<\/li>\n<li>Desarrollamos tours \u00fanicos y exclusivos que ofrecen una visi\u00f3n interesante de cada una de las regiones que operamos.<\/li>\n<li>Tenemos un grupo de gu\u00edas locales comprometidos, altamente profesional y motivado \u2013proveniente de varias ramas tales como las artes, filosof\u00eda, arqueolog\u00eda, antropolog\u00eda, econom\u00eda, geograf\u00eda, naturalistas \u2013 quienes disfrutan compartiendo sus saberes, experiencias y visiones con todos nuestros viajeros.<\/li>\n<li>Trabajamos en conjunto con una red de emprendedores en toda la Argentina que nos permite crear los itinerarios m\u00e1s interesantes y garantizar la mejor experiencia en destinos tradicionales y no tradicionales. Gracias a su conocimiento y experiencia podemos cumplir con las expectativas de los mas diversos viajeros ya sea los amantes de las monta\u00f1as, caminatas, cabalgatas, fotograf\u00eda, culturas nativas, gastronom\u00eda, naturaleza, por nombrar solamente algunas.<\/li>\n<li>Poseemos una estructura orientada al servicio que toma en cuenta las necesidades e intereses de nuestros viajeros desde el momento mismo en que llegan hasta la partida.<\/li>\n<\/ul>\n<p>[\/vc_column_text][vc_empty_space height=\u00bb90px\u00bb]<div class=\"qodef-icon-list-holder \" >\n\t<div class=\"qodef-il-icon-holder\">\n\t\t<i class=\"qodef-icon-font-awesome fa  \" style=\"font-size: 17px\"><\/i>\t<\/div>\n\t<p class=\"qodef-il-text\" ><\/p>\n<\/div>[vc_column_text css=\u00bb.vc_custom_1603977854667{margin-top: -60px !important;padding-top: 0px !important;}\u00bb]<\/p>\n<h2 class=\"subtitulo\" style=\"text-align: center;\">Orgullosos Miembros de:<\/h2>\n<p>[\/vc_column_text][vc_empty_space height=\u00bb14px\u00bb][vc_row_inner][vc_column_inner width=\u00bb1\/2&#8243;][vc_single_image image=\u00bb1197&#8243; img_size=\u00bbfull\u00bb alignment=\u00bbcenter\u00bb onclick=\u00bbcustom_link\u00bb img_link_target=\u00bb_blank\u00bb css_animation=\u00bbfadeIn\u00bb link=\u00bbhttp:\/\/www.destinoargentina.com.ar\/\u00bb][\/vc_column_inner][vc_column_inner width=\u00bb1\/2&#8243;][vc_single_image image=\u00bb1198&#8243; img_size=\u00bbfull\u00bb alignment=\u00bbcenter\u00bb onclick=\u00bbcustom_link\u00bb img_link_target=\u00bb_blank\u00bb css_animation=\u00bbfadeIn\u00bb link=\u00bbhttp:\/\/www.camaradeturismo.org.ar\/\u00bb][\/vc_column_inner][\/vc_row_inner][vc_empty_space height=\u00bb10px\u00bb][\/vc_column][vc_column width=\u00bb1\/6&#8243;][\/vc_column][\/vc_row][vc_row css=\u00bb.vc_custom_1561467217998{background-color: #f5f5f5 !important;}\u00bb][vc_column][vc_empty_space height=\u00bb20px\u00bb][\/vc_column][\/vc_row][vc_row css=\u00bb.vc_custom_1539026684319{margin-top: 0px !important;padding-top: 0px !important;}\u00bb][vc_column css=\u00bb.vc_custom_1539026691135{margin-top: 0px !important;padding-top: 0px !important;}\u00bb]<div class=\"qodef-video-button-holder  \">\n\t<div class=\"qodef-video-button-image\" >\n\t\t<img loading=\"lazy\" decoding=\"async\" width=\"1523\" height=\"640\" src=\"https:\/\/wanderlust.com.ar\/wp-content\/uploads\/2018\/10\/argentina-luxury-travel-wanderlust.jpg\" class=\"attachment-full size-full\" alt=\"\" srcset=\"https:\/\/wanderlust.com.ar\/wp-content\/uploads\/2018\/10\/argentina-luxury-travel-wanderlust.jpg 1523w, https:\/\/wanderlust.com.ar\/wp-content\/uploads\/2018\/10\/argentina-luxury-travel-wanderlust-300x126.jpg 300w, https:\/\/wanderlust.com.ar\/wp-content\/uploads\/2018\/10\/argentina-luxury-travel-wanderlust-1024x430.jpg 1024w, https:\/\/wanderlust.com.ar\/wp-content\/uploads\/2018\/10\/argentina-luxury-travel-wanderlust-768x323.jpg 768w\" sizes=\"auto, (max-width: 1523px) 100vw, 1523px\" \/>\t<\/div>\n\t\t\t<a class=\"qodef-video-button-play-image \" href=\"https:\/\/vimeo.com\/53011823\" target=\"_self\" data-rel=\"prettyPhoto[video_button_pretty_photo_969]\">\n\t\t\t<span class=\"qodef-video-button-play-inner\">\n\t\t\t\t<img loading=\"lazy\" decoding=\"async\" width=\"800\" height=\"432\" src=\"https:\/\/wanderlust.com.ar\/wp-content\/uploads\/2018\/09\/logo-con-frase-white.png\" class=\"attachment-full size-full\" alt=\"\" srcset=\"https:\/\/wanderlust.com.ar\/wp-content\/uploads\/2018\/09\/logo-con-frase-white.png 800w, https:\/\/wanderlust.com.ar\/wp-content\/uploads\/2018\/09\/logo-con-frase-white-300x162.png 300w, https:\/\/wanderlust.com.ar\/wp-content\/uploads\/2018\/09\/logo-con-frase-white-768x415.png 768w\" sizes=\"auto, (max-width: 800px) 100vw, 800px\" \/>\t\t\t\t\t\t\t<\/span>\n\t\t<\/a>\n\t<\/div>[\/vc_column][\/vc_row]<\/p>\n","protected":false},"excerpt":{"rendered":"<p>[vc_row full_width=\u00bbstretch_row\u00bb content_placement=\u00bbmiddle\u00bb css_animation=\u00bbnone\u00bb content_text_aligment=\u00bbcenter\u00bb css=\u00bb.vc_custom_1539185649243{margin-top: 0px !important;margin-bottom: 0px !important;padding-top: 0px !important;background-color: #23201e !important;}\u00bb][vc_column width=\u00bb1\/4&#8243; css=\u00bb.vc_custom_1537911951901{margin-top: 0px !important;padding-top: [&hellip;]<\/p>\n","protected":false},"author":1,"featured_media":0,"parent":0,"menu_order":0,"comment_status":"closed","ping_status":"closed","template":"full-width.php","meta":{"footnotes":""},"class_list":["post-1334","page","type-page","status-publish","hentry"],"yoast_head":"<!-- This site is optimized with the Yoast SEO plugin v15.5 - https:\/\/yoast.com\/wordpress\/plugins\/seo\/ -->\n<title>Qui\u00e9nes Somos - WANDERLUST EXPEDICIONES<\/title>\n<meta name=\"robots\" content=\"index, follow, max-snippet:-1, max-image-preview:large, max-video-preview:-1\" \/>\n<link rel=\"canonical\" href=\"https:\/\/wanderlust.com.ar\/es\/quienes-somos\/\" \/>\n<meta property=\"og:locale\" content=\"es_ES\" \/>\n<meta property=\"og:type\" content=\"article\" \/>\n<meta property=\"og:title\" content=\"Qui\u00e9nes Somos - WANDERLUST EXPEDICIONES\" \/>\n<meta property=\"og:description\" content=\"[vc_row full_width=\u00bbstretch_row\u00bb content_placement=\u00bbmiddle\u00bb css_animation=\u00bbnone\u00bb content_text_aligment=\u00bbcenter\u00bb css=\u00bb.vc_custom_1539185649243{margin-top: 0px !important;margin-bottom: 0px !important;padding-top: 0px !important;background-color: #23201e !important;}\u00bb][vc_column width=\u00bb1\/4&#8243; css=\u00bb.vc_custom_1537911951901{margin-top: 0px !important;padding-top: [&hellip;]\" \/>\n<meta property=\"og:url\" content=\"https:\/\/wanderlust.com.ar\/es\/quienes-somos\/\" \/>\n<meta property=\"og:site_name\" content=\"WANDERLUST EXPEDICIONES\" \/>\n<meta property=\"article:publisher\" content=\"https:\/\/www.facebook.com\/wanderlustexpediciones\/\" \/>\n<meta property=\"article:modified_time\" content=\"2020-12-04T20:13:07+00:00\" \/>\n<meta name=\"twitter:card\" content=\"summary_large_image\" \/>\n<meta name=\"twitter:label1\" content=\"Tiempo de lectura\">\n\t<meta name=\"twitter:data1\" content=\"5 minutos\">\n<script type=\"application\/ld+json\" class=\"yoast-schema-graph\">{\"@context\":\"https:\/\/schema.org\",\"@graph\":[{\"@type\":\"WebSite\",\"@id\":\"https:\/\/wanderlust.com.ar\/es\/#website\",\"url\":\"https:\/\/wanderlust.com.ar\/es\/\",\"name\":\"WANDERLUST EXPEDICIONES\",\"description\":\"Argentina Beyond Imagination\",\"potentialAction\":[{\"@type\":\"SearchAction\",\"target\":\"https:\/\/wanderlust.com.ar\/es\/?s={search_term_string}\",\"query-input\":\"required name=search_term_string\"}],\"inLanguage\":\"es\"},{\"@type\":\"WebPage\",\"@id\":\"https:\/\/wanderlust.com.ar\/es\/quienes-somos\/#webpage\",\"url\":\"https:\/\/wanderlust.com.ar\/es\/quienes-somos\/\",\"name\":\"Qui\\u00e9nes Somos - WANDERLUST EXPEDICIONES\",\"isPartOf\":{\"@id\":\"https:\/\/wanderlust.com.ar\/es\/#website\"},\"datePublished\":\"2018-09-25T12:00:25+00:00\",\"dateModified\":\"2020-12-04T20:13:07+00:00\",\"inLanguage\":\"es\",\"potentialAction\":[{\"@type\":\"ReadAction\",\"target\":[\"https:\/\/wanderlust.com.ar\/es\/quienes-somos\/\"]}]}]}<\/script>\n<!-- \/ Yoast SEO plugin. -->","_links":{"self":[{"href":"https:\/\/wanderlust.com.ar\/es\/wp-json\/wp\/v2\/pages\/1334","targetHints":{"allow":["GET"]}}],"collection":[{"href":"https:\/\/wanderlust.com.ar\/es\/wp-json\/wp\/v2\/pages"}],"about":[{"href":"https:\/\/wanderlust.com.ar\/es\/wp-json\/wp\/v2\/types\/page"}],"author":[{"embeddable":true,"href":"https:\/\/wanderlust.com.ar\/es\/wp-json\/wp\/v2\/users\/1"}],"replies":[{"embeddable":true,"href":"https:\/\/wanderlust.com.ar\/es\/wp-json\/wp\/v2\/comments?post=1334"}],"version-history":[{"count":15,"href":"https:\/\/wanderlust.com.ar\/es\/wp-json\/wp\/v2\/pages\/1334\/revisions"}],"predecessor-version":[{"id":4566,"href":"https:\/\/wanderlust.com.ar\/es\/wp-json\/wp\/v2\/pages\/1334\/revisions\/4566"}],"wp:attachment":[{"href":"https:\/\/wanderlust.com.ar\/es\/wp-json\/wp\/v2\/media?parent=1334"}],"curies":[{"name":"wp","href":"https:\/\/api.w.org\/{rel}","templated":true}]}}